{"id":55,"date":"2015-09-28T23:23:35","date_gmt":"2015-09-29T02:23:35","guid":{"rendered":"http:\/\/penapreta.com.br\/?page_id=55"},"modified":"2019-08-29T22:43:34","modified_gmt":"2019-08-30T01:43:34","slug":"central-de-estudos","status":"publish","type":"page","link":"https:\/\/penapreta.com.br\/?page_id=55","title":{"rendered":"Central de Estudos"},"content":{"rendered":"<div class=\"container\">\n<div class=\"row\">\n<div class=\"col-sm-12 col-md-2\"><\/div>\n<div class=\"col-sm-12 col-md-10 text-left\"><img loading=\"lazy\" decoding=\"async\" class=\"aligncenter wp-image-1026 size-large\" src=\"http:\/\/penapreta.com.br\/wp-content\/uploads\/2015\/11\/Central_Estudo-1024x417.jpg\" alt=\"Central_Estudo\" width=\"550\" height=\"224\" srcset=\"https:\/\/penapreta.com.br\/wp-content\/uploads\/2015\/11\/Central_Estudo-1024x417.jpg 1024w, https:\/\/penapreta.com.br\/wp-content\/uploads\/2015\/11\/Central_Estudo-300x122.jpg 300w, https:\/\/penapreta.com.br\/wp-content\/uploads\/2015\/11\/Central_Estudo.jpg 1400w\" sizes=\"auto, (max-width: 550px) 100vw, 550px\" \/><\/div>\n<\/div>\n<div class=\"row\">\n<div class=\"col-sm-12 col-md-2\"><\/div>\n<div class=\"col-sm-12 col-md-10 text-left\"><\/div>\n<\/div>\n<div class=\"col-sm-12 col-md-12\">\n<h3>Aulas Pr\u00e1ticas<\/h3>\n<\/div>\n<div class=\"col-sm-8 col-md-6\"><a href=\"http:\/\/penapreta.com.br\/?p=902\">T\u00f3picos sobre a pr\u00e1tica de\u00a0Umbanda<\/a><\/div>\n<div class=\"col-sm-8 col-md-6\"><a href=\"http:\/\/penapreta.com.br\/?p=1288\">Introdu\u00e7\u00e3o ao Atabaque<\/a><\/div>\n<div class=\"col-sm-8 col-md-6\"><a href=\"http:\/\/penapreta.com.br\/?p=1522\">Banhos e Ervas<\/a><\/div>\n<div class=\"col-sm-12 col-md-12\"><\/div>\n<div class=\"col-sm-12 col-md-12\">\n<h3>Estudos sobre a Umbanda<\/h3>\n<\/div>\n<div class=\"col-sm-8 col-md-6\"><a href=\"http:\/\/penapreta.com.br\/?p=892\" data-slimstat=\"5\">Desenvolvimento Medi\u00fanico<\/a><\/div>\n<div class=\"col-sm-8 col-md-6\"><a href=\"http:\/\/penapreta.com.br\/?p=896\">Orix\u00e1s E Guias De Umbanda<\/a><\/div>\n<div class=\"col-sm-8 col-md-6\"><a href=\"http:\/\/penapreta.com.br\/?p=900\">Evangelho No Lar<\/a><\/div>\n<div class=\"col-sm-8 col-md-6\"><a href=\"http:\/\/penapreta.com.br\/?p=901\">Ora\u00e7\u00f5es<\/a><\/div>\n<div class=\"col-sm-12 col-md-12\"><\/div>\n<div class=\"col-sm-8 col-md-6\"><\/div>\n<div class=\"col-sm-8 col-md-6\"><img loading=\"lazy\" decoding=\"async\" class=\" size-full wp-image-1056\" src=\"http:\/\/penapreta.com.br\/wp-content\/uploads\/2015\/09\/Entidades-aguardando-2.jpg\" alt=\"Entidades-aguardando-2\" width=\"264\" height=\"191\" \/><\/div>\n<\/div>\n","protected":false},"excerpt":{"rendered":"<p>Aulas Pr\u00e1ticas T\u00f3picos sobre a pr\u00e1tica de\u00a0Umbanda Introdu\u00e7\u00e3o ao Atabaque Banhos e Ervas Estudos sobre a Umbanda Desenvolvimento Medi\u00fanico Orix\u00e1s E Guias De Umbanda Evangelho No Lar Ora\u00e7\u00f5es<\/p>\n","protected":false},"author":1,"featured_media":0,"parent":0,"menu_order":0,"comment_status":"closed","ping_status":"closed","template":"fullwidth.php","meta":{"jetpack_post_was_ever_published":false,"footnotes":""},"class_list":["post-55","page","type-page","status-publish","hentry"],"jetpack_sharing_enabled":true,"jetpack_shortlink":"https:\/\/wp.me\/P7k0kC-T","_links":{"self":[{"href":"https:\/\/penapreta.com.br\/index.php?rest_route=\/wp\/v2\/pages\/55","targetHints":{"allow":["GET"]}}],"collection":[{"href":"https:\/\/penapreta.com.br\/index.php?rest_route=\/wp\/v2\/pages"}],"about":[{"href":"https:\/\/penapreta.com.br\/index.php?rest_route=\/wp\/v2\/types\/page"}],"author":[{"embeddable":true,"href":"https:\/\/penapreta.com.br\/index.php?rest_route=\/wp\/v2\/users\/1"}],"replies":[{"embeddable":true,"href":"https:\/\/penapreta.com.br\/index.php?rest_route=%2Fwp%2Fv2%2Fcomments&post=55"}],"version-history":[{"count":10,"href":"https:\/\/penapreta.com.br\/index.php?rest_route=\/wp\/v2\/pages\/55\/revisions"}],"predecessor-version":[{"id":2837,"href":"https:\/\/penapreta.com.br\/index.php?rest_route=\/wp\/v2\/pages\/55\/revisions\/2837"}],"wp:attachment":[{"href":"https:\/\/penapreta.com.br\/index.php?rest_route=%2Fwp%2Fv2%2Fmedia&parent=55"}],"curies":[{"name":"wp","href":"https:\/\/api.w.org\/{rel}","templated":true}]}}