{"id":26,"date":"2015-09-28T00:49:34","date_gmt":"2015-09-28T03:49:34","guid":{"rendered":"http:\/\/penapreta.com.br\/?page_id=26"},"modified":"2022-01-06T08:53:56","modified_gmt":"2022-01-06T11:53:56","slug":"historia","status":"publish","type":"page","link":"https:\/\/penapreta.com.br\/?page_id=26","title":{"rendered":"Hist\u00f3ria"},"content":{"rendered":"\n<div class=\"wp-block-image\"><figure class=\"alignright\"><img loading=\"lazy\" decoding=\"async\" width=\"300\" height=\"200\" src=\"http:\/\/penapreta.com.br\/wp-content\/uploads\/2015\/09\/Patronos-300x200.jpg\" alt=\"Patronos\" class=\"wp-image-27\" srcset=\"https:\/\/penapreta.com.br\/wp-content\/uploads\/2015\/09\/Patronos-300x200.jpg 300w, https:\/\/penapreta.com.br\/wp-content\/uploads\/2015\/09\/Patronos.jpg 1000w\" sizes=\"auto, (max-width: 300px) 100vw, 300px\" \/><\/figure><\/div>\n\n\n\n<p>A Tenda de Umbanda Pai Oxal\u00e1 e Caboclo Pena Preta nasceu no cora\u00e7\u00e3o da fam\u00edlia Firmino, do patriarca Idair Jesus Firmino. Desde os primeiros trabalhos, a casa sempre foi muito procurada por amigos necessitados de conselhos ou passes espirituais. A fama de vov\u00f3 Catarina e pai Pena Preta espalhou-se rapidamente, trazendo cada vez mais conhecidos para o ambiente espiritual.<\/p>\n\n\n\n<p>Sentindo a necessidade de maior orienta\u00e7\u00e3o, Idair ganhou de presente de uma prima um livro da Federa\u00e7\u00e3o M\u00e3e Senhora Aparecida, casa dirigida por El\u00eddio Nascimento.<br>Ap\u00f3s conhec\u00ea-lo pessoalmente e sentir confian\u00e7a em seu trabalho, dedicou-se \u00e0 forma\u00e7\u00e3o sacerdotal, formando-se em 22 de dezembro de 1994.<\/p>\n\n\n\n<p>Durante anos, os trabalhos espirituais da tenda foram realizadas na Praia Grande, no litoral paulista, onde residia a fam\u00edlia. Em determinado momento, por quest\u00f5es de espa\u00e7o f\u00edsico, o dirigente passou a realizar os trabalhos quinzenalmente no Santu\u00e1rio Ecol\u00f3gico da Umbanda, no ABC paulista.<\/p>\n\n\n\n<p>Ap\u00f3s tr\u00eas anos no novo espa\u00e7o, o Senhor Caboclo das Sete Pedreiras manifestou-se incorporado na tamb\u00e9m dirigente Nair Pedro Firmino, dizendo que j\u00e1 era chegada a hora de ter um local fixo para a realiza\u00e7\u00e3o dos trabalhos. Nascia ent\u00e3o a ideia de adquirir uma casa fixa, com todos os fundamentos e a aten\u00e7\u00e3o que merece uma tenda de Umbanda.<\/p>\n\n\n\n<p>Muitas foram as buscas para encontrar um lugar onde n\u00e3o houvesse o preconceito em sediar um terreiro de Umbanda. Quando os propriet\u00e1rios dos lugares sabiam dos objetivos de Idair e Nair, se negavam a locar.<\/p>\n\n\n\n<p>At\u00e9 que um dia, durante um trabalho especial no Santu\u00e1rio, uma antiga amiga e vizinha ofereceu a casa que estava para alugar. Ap\u00f3s pequenas reformas, a nova sede ganhou vida e foi inaugurada em 4 de agosto de 2009, em Santo Andr\u00e9 (SP).<\/p>\n\n\n\n<p>No in\u00edcio de 2011, Idair e Nair passaram a dire\u00e7\u00e3o da casa \u00e0 filha, Elza Maria Firmino da Silva e ao esposo Wilson Soares da Silva, os atuais comandantes dos trabalhos.<\/p>\n\n\n\n<p>\u201cOrgulho-me em dizer que os ensinamentos aprendidos ser\u00e3o transmitidos a essa nova gera\u00e7\u00e3o de umbandistas que chegam a cada dia em nossa casa. Continuaremos elevando o nome de nossa religi\u00e3o com base na humildade e caridade, conforme aprendemos e nos orgulhamos em seguir\u201d, comenta Elza Maria.<\/p>\n\n\n\n<div class=\"wp-block-image\"><figure class=\"aligncenter\"><img loading=\"lazy\" decoding=\"async\" width=\"300\" height=\"200\" src=\"http:\/\/penapreta.com.br\/wp-content\/uploads\/2015\/09\/Patronos_2-300x200.jpg\" alt=\"Patronos_2\" class=\"wp-image-28\" srcset=\"https:\/\/penapreta.com.br\/wp-content\/uploads\/2015\/09\/Patronos_2-300x200.jpg 300w, https:\/\/penapreta.com.br\/wp-content\/uploads\/2015\/09\/Patronos_2.jpg 1000w\" sizes=\"auto, (max-width: 300px) 100vw, 300px\" \/><\/figure><\/div>\n\n\n\n<h3 class=\"wp-block-heading\">Ponto Riscado do Caboclo Pena Preta<\/h3>\n\n\n\n<p>Todo ponto riscado por uma entidade tem seus fundamentos, hist\u00f3ria e mist\u00e9rios. N\u00e3o s\u00e3o s\u00edmbolos aleat\u00f3rios. Quer saber o que significa o ponto riscado do Pai Pena Preta, entidade respons\u00e1vel pela nossa casa? Assista ao v\u00eddeo do Sr. Idair, m\u00e9dium, dirigente e fundador da Tenda de Umbanda Pai Oxal\u00e1 e Caboclo Pena Preta.<br>&nbsp;<\/p>\n\n\n\n<center><br><iframe loading=\"lazy\" src=\"https:\/\/www.youtube.com\/embed\/JgjSbd0-K5c\" width=\"560\" height=\"315\" frameborder=\"0\" allowfullscreen=\"allowfullscreen\"><\/iframe><\/center>\n\n\n\n<p><\/p>\n","protected":false},"excerpt":{"rendered":"<p>A Tenda de Umbanda Pai Oxal\u00e1 e Caboclo Pena Preta nasceu no cora\u00e7\u00e3o da fam\u00edlia Firmino, do patriarca Idair Jesus Firmino. Desde os primeiros trabalhos, a casa sempre foi muito procurada por amigos necessitados de conselhos ou passes espirituais. A fama de vov\u00f3 Catarina e pai Pena Preta espalhou-se rapidamente, trazendo cada vez mais conhecidos<\/p>\n","protected":false},"author":1,"featured_media":0,"parent":0,"menu_order":0,"comment_status":"closed","ping_status":"closed","template":"fullwidth.php","meta":{"jetpack_post_was_ever_published":false,"footnotes":""},"class_list":["post-26","page","type-page","status-publish","hentry"],"jetpack_sharing_enabled":true,"jetpack_shortlink":"https:\/\/wp.me\/P7k0kC-q","_links":{"self":[{"href":"https:\/\/penapreta.com.br\/index.php?rest_route=\/wp\/v2\/pages\/26","targetHints":{"allow":["GET"]}}],"collection":[{"href":"https:\/\/penapreta.com.br\/index.php?rest_route=\/wp\/v2\/pages"}],"about":[{"href":"https:\/\/penapreta.com.br\/index.php?rest_route=\/wp\/v2\/types\/page"}],"author":[{"embeddable":true,"href":"https:\/\/penapreta.com.br\/index.php?rest_route=\/wp\/v2\/users\/1"}],"replies":[{"embeddable":true,"href":"https:\/\/penapreta.com.br\/index.php?rest_route=%2Fwp%2Fv2%2Fcomments&post=26"}],"version-history":[{"count":11,"href":"https:\/\/penapreta.com.br\/index.php?rest_route=\/wp\/v2\/pages\/26\/revisions"}],"predecessor-version":[{"id":3564,"href":"https:\/\/penapreta.com.br\/index.php?rest_route=\/wp\/v2\/pages\/26\/revisions\/3564"}],"wp:attachment":[{"href":"https:\/\/penapreta.com.br\/index.php?rest_route=%2Fwp%2Fv2%2Fmedia&parent=26"}],"curies":[{"name":"wp","href":"https:\/\/api.w.org\/{rel}","templated":true}]}}