{"id":1968,"date":"2017-01-09T20:38:36","date_gmt":"2017-01-09T23:38:36","guid":{"rendered":"http:\/\/penapreta.com.br\/?page_id=1968"},"modified":"2017-03-05T23:53:58","modified_gmt":"2017-03-06T02:53:58","slug":"parceiros","status":"publish","type":"page","link":"https:\/\/penapreta.com.br\/?page_id=1968","title":{"rendered":"Irmandade Pena Preta"},"content":{"rendered":"<p><!-- Responsive Div para Celular e PC Diego Gaspar Ventura--><br \/>\n<center><\/p>\n<div class=\"small-container\"><img loading=\"lazy\" decoding=\"async\" class=\"aligncenter size-full wp-image-2032\" src=\"http:\/\/penapreta.com.br\/wp-content\/uploads\/2017\/01\/Note-pq-pena-preta.png\" alt=\"Note pq - pena preta\" width=\"500\" height=\"300\" srcset=\"https:\/\/penapreta.com.br\/wp-content\/uploads\/2017\/01\/Note-pq-pena-preta.png 500w, https:\/\/penapreta.com.br\/wp-content\/uploads\/2017\/01\/Note-pq-pena-preta-300x180.png 300w\" sizes=\"auto, (max-width: 500px) 100vw, 500px\" \/><\/div>\n<div class=\"big-container\"><img loading=\"lazy\" decoding=\"async\" class=\"aligncenter wp-image-2024 size-full\" src=\"http:\/\/penapreta.com.br\/wp-content\/uploads\/2017\/01\/Note-grande-pena-preta.png\" alt=\"\" width=\"828\" height=\"315\" srcset=\"https:\/\/penapreta.com.br\/wp-content\/uploads\/2017\/01\/Note-grande-pena-preta.png 828w, https:\/\/penapreta.com.br\/wp-content\/uploads\/2017\/01\/Note-grande-pena-preta-300x114.png 300w, https:\/\/penapreta.com.br\/wp-content\/uploads\/2017\/01\/Note-grande-pena-preta-768x292.png 768w\" sizes=\"auto, (max-width: 828px) 100vw, 828px\" \/><\/div>\n<p><\/center><br \/>\n<!-- FIM Responsive Div para Celular e PC --><\/p>\n<div class=\"container\">\n<div class=\"row\">\n<div class=\"col-sm-4\">\n<h3><a href=\"http:\/\/www.isavans.com.br\/\">Isa Vans<\/a><\/h3>\n<p class=\"alinhado\">Localizada em S\u00e3o Caetano do Sul, que atua no ramo de presta\u00e7\u00e3o de servi\u00e7os de transportes especializados em aluguel de ve\u00edculos com motorista.Com 15 anos de experi\u00eancia no mercado, utilizando sistemas inteligentes em transportes, servi\u00e7os de qualidade.<\/p>\n<\/div>\n<div class=\"col-sm-4\">\n<h3><a href=\" http:\/\/penapreta.com.br\/?p=2058\">Terapeuta Transpessoal<\/a><\/h3>\n<p class=\"alinhado\">O Terapeuta Transpessoal tem o objetivo de auxiliar na conex\u00e3o do indiv\u00edduo com seu verdadeiro Eu, sua ess\u00eancia pura. Se redescobrir e se reinventar.<\/p>\n<\/div>\n<div class=\"col-sm-4\">\n<h3><a href=\" http:\/\/penapreta.com.br\/?p=2175\">Yoga &#8211; Terapias<\/a><\/h3>\n<p class=\"alinhado\">Aulas de yogas no Pena Preta, ter\u00e3o sua renda revertida para Obras <br \/> assist\u00eancias.<\/p>\n<\/div>\n<\/div>\n<div class=\"row\">\n<div class=\"col-sm-4\">\n<h3><a href=\"https:\/\/www.elo7.com.br\/arrojoart\/loja\">Arrojo &#8211; Artes<\/a><\/h3>\n<p class=\"alinhado\">Venda de materiais art\u00edsticos: pe\u00e7as em mdf cru e pintadas. Pinc\u00e9is Castelo e Tigre. Tintas Corfix, Glitter e True Colors. O maior acervo de pap\u00e9is para d\u00e9coupage e scrapbook Litoarte do ABC.<br \/>\nMateriais de alta qualidade com pre\u00e7os acess\u00edveis.<\/p>\n<\/div>\n<div class=\"col-sm-4\">\n<h3><a href=\"http:\/\/penapreta.com.br\/?p=2005\">Papelaria Person<\/a><\/h3>\n<p class=\"alinhado\">Lorem ipsum dolor sit amet, consectetur adipiscing elit. Etiam maximus vitae tellus porta posuere. Suspendisse eu dapibus nisi, pretium eleifend orci. Nunc sem odio, efficitur ac enim sed, blandit molestie turpis. Aliquam quis auctor odio. xxxxxxxxxxxxxxxx<\/p>\n<\/div>\n<div class=\"col-sm-4\">\n<h3><a href=\"http:\/\/penapreta.com.br\/?p=2005\">Diego &#8211; Tecnologia<\/a><\/h3>\n<p class=\"alinhado\">Lorem ipsum dolor sit amet, consectetur adipiscing elit. Etiam maximus vitae tellus porta posuere. Suspendisse eu dapibus nisi, pretium eleifend orci. Nunc sem odio, efficitur ac enim sed, blandit molestie turpis. Aliquam quis auctor odio. xxxxxxxxxxxxxxxx<\/p>\n<\/div>\n<\/div>\n<\/div>\n","protected":false},"excerpt":{"rendered":"<p>Isa Vans Localizada em S\u00e3o Caetano do Sul, que atua no ramo de presta\u00e7\u00e3o de servi\u00e7os de transportes especializados em aluguel de ve\u00edculos com motorista.Com 15 anos de experi\u00eancia no mercado, utilizando sistemas inteligentes em transportes, servi\u00e7os de qualidade. Terapeuta Transpessoal O Terapeuta Transpessoal tem o objetivo de auxiliar na conex\u00e3o do indiv\u00edduo com seu<\/p>\n","protected":false},"author":1,"featured_media":0,"parent":0,"menu_order":0,"comment_status":"closed","ping_status":"closed","template":"fullwidth.php","meta":{"jetpack_post_was_ever_published":false,"footnotes":""},"class_list":["post-1968","page","type-page","status-publish","hentry"],"jetpack_sharing_enabled":true,"jetpack_shortlink":"https:\/\/wp.me\/P7k0kC-vK","_links":{"self":[{"href":"https:\/\/penapreta.com.br\/index.php?rest_route=\/wp\/v2\/pages\/1968","targetHints":{"allow":["GET"]}}],"collection":[{"href":"https:\/\/penapreta.com.br\/index.php?rest_route=\/wp\/v2\/pages"}],"about":[{"href":"https:\/\/penapreta.com.br\/index.php?rest_route=\/wp\/v2\/types\/page"}],"author":[{"embeddable":true,"href":"https:\/\/penapreta.com.br\/index.php?rest_route=\/wp\/v2\/users\/1"}],"replies":[{"embeddable":true,"href":"https:\/\/penapreta.com.br\/index.php?rest_route=%2Fwp%2Fv2%2Fcomments&post=1968"}],"version-history":[{"count":10,"href":"https:\/\/penapreta.com.br\/index.php?rest_route=\/wp\/v2\/pages\/1968\/revisions"}],"predecessor-version":[{"id":2246,"href":"https:\/\/penapreta.com.br\/index.php?rest_route=\/wp\/v2\/pages\/1968\/revisions\/2246"}],"wp:attachment":[{"href":"https:\/\/penapreta.com.br\/index.php?rest_route=%2Fwp%2Fv2%2Fmedia&parent=1968"}],"curies":[{"name":"wp","href":"https:\/\/api.w.org\/{rel}","templated":true}]}}