{"id":19,"date":"2015-09-28T00:37:22","date_gmt":"2015-09-28T03:37:22","guid":{"rendered":"http:\/\/penapreta.com.br\/?page_id=19"},"modified":"2022-01-06T09:00:23","modified_gmt":"2022-01-06T12:00:23","slug":"a-tenda","status":"publish","type":"page","link":"https:\/\/penapreta.com.br\/?page_id=19","title":{"rendered":"A TENDA"},"content":{"rendered":"<p><img loading=\"lazy\" decoding=\"async\" class=\"alignright wp-image-20 size-large\" src=\"http:\/\/penapreta.com.br\/wp-content\/uploads\/2015\/09\/Conga-atual-1024x682.jpeg\" alt=\"Conga-atual\" width=\"550\" height=\"366\" srcset=\"https:\/\/penapreta.com.br\/wp-content\/uploads\/2015\/09\/Conga-atual-1024x682.jpeg 1024w, https:\/\/penapreta.com.br\/wp-content\/uploads\/2015\/09\/Conga-atual-300x200.jpeg 300w, https:\/\/penapreta.com.br\/wp-content\/uploads\/2015\/09\/Conga-atual.jpeg 1280w\" sizes=\"auto, (max-width: 550px) 100vw, 550px\" \/>A miss\u00e3o da Tenda de Umbanda pai Oxal\u00e1 e Caboclo Pena Preta \u00e9 levar luz a quem est\u00e1 na escurid\u00e3o, seja por falta de sa\u00fade, oportunidades ou entraves que impe\u00e7am a evolu\u00e7\u00e3o espiritual e material do ser.<\/p>\n<p>A casa respeita e prega a Umbanda como religi\u00e3o que \u00e9. Para os dirigentes, n\u00e3o existe pr\u00e1tica umbandista sem caridade, e \u00e9 por isso que os trabalhos s\u00e3o voltados exclusivamente aos irm\u00e3os que necessitam de assist\u00eancia.<\/p>\n<p>N\u00e3o se cobra nada pelas ora\u00e7\u00f5es, atendimentos ou conselhos. Dentro da casa, todos os m\u00e9diuns trabalham dentro das leis do Pai Maior, onde n\u00e3o h\u00e1 outro objetivo que n\u00e3o seja o de servir como instrumento para que os guias espirituais realizem os trabalhos.<\/p>\n<p>A trajet\u00f3ria da tenda fala por si (saiba mais na aba \u201cHist\u00f3ria\u201d), por isso h\u00e1 um cuidado especial para que o nome do projeto seja elevado com dignidade, respeito, equil\u00edbrio, conhecimento e raz\u00e3o, fortalecendo cada vez mais o v\u00ednculo entre o plano material e espiritual.<\/p>\n<p><em>\u201cSempre fica perfume nas m\u00e3os de quem oferece rosas.\u201d<\/em> (A.D.)<\/p>\n<h3><a href=\"https:\/\/penapreta.com.br\/?p=283\">&#8211; Orienta\u00e7\u00f5es gerais da casa<\/a><\/h3>\n","protected":false},"excerpt":{"rendered":"<p>A miss\u00e3o da Tenda de Umbanda pai Oxal\u00e1 e Caboclo Pena Preta \u00e9 levar luz a quem est\u00e1 na escurid\u00e3o, seja por falta de sa\u00fade, oportunidades ou entraves que impe\u00e7am a evolu\u00e7\u00e3o espiritual e material do ser. A casa respeita e prega a Umbanda como religi\u00e3o que \u00e9. Para os dirigentes, n\u00e3o existe pr\u00e1tica umbandista<\/p>\n","protected":false},"author":1,"featured_media":0,"parent":0,"menu_order":0,"comment_status":"closed","ping_status":"closed","template":"fullwidth.php","meta":{"jetpack_post_was_ever_published":false,"footnotes":""},"class_list":["post-19","page","type-page","status-publish","hentry"],"jetpack_sharing_enabled":true,"jetpack_shortlink":"https:\/\/wp.me\/P7k0kC-j","_links":{"self":[{"href":"https:\/\/penapreta.com.br\/index.php?rest_route=\/wp\/v2\/pages\/19","targetHints":{"allow":["GET"]}}],"collection":[{"href":"https:\/\/penapreta.com.br\/index.php?rest_route=\/wp\/v2\/pages"}],"about":[{"href":"https:\/\/penapreta.com.br\/index.php?rest_route=\/wp\/v2\/types\/page"}],"author":[{"embeddable":true,"href":"https:\/\/penapreta.com.br\/index.php?rest_route=\/wp\/v2\/users\/1"}],"replies":[{"embeddable":true,"href":"https:\/\/penapreta.com.br\/index.php?rest_route=%2Fwp%2Fv2%2Fcomments&post=19"}],"version-history":[{"count":5,"href":"https:\/\/penapreta.com.br\/index.php?rest_route=\/wp\/v2\/pages\/19\/revisions"}],"predecessor-version":[{"id":3566,"href":"https:\/\/penapreta.com.br\/index.php?rest_route=\/wp\/v2\/pages\/19\/revisions\/3566"}],"wp:attachment":[{"href":"https:\/\/penapreta.com.br\/index.php?rest_route=%2Fwp%2Fv2%2Fmedia&parent=19"}],"curies":[{"name":"wp","href":"https:\/\/api.w.org\/{rel}","templated":true}]}}